{"id":604,"date":"2021-10-12T23:15:37","date_gmt":"2021-10-12T23:15:37","guid":{"rendered":"https:\/\/productoszion.com\/tienda\/?post_type=product&#038;p=604"},"modified":"2025-09-22T21:58:59","modified_gmt":"2025-09-23T02:58:59","slug":"lubricante-speed-bike-pack-3-zion","status":"publish","type":"product","link":"https:\/\/productoszion.com\/tienda\/producto\/lubricante-speed-bike-pack-3-zion\/","title":{"rendered":"Lubricante Speed Bike PACK X 3 ZION"},"content":{"rendered":"<h2 class=\"display-4 lh-1 mb-4 text-white\">Lubricante Speed Bike<\/h2>\n<p class=\"lead fw-normal text-white mb-5 mb-lg-0\">Testeado en todo tipo de condiciones: h\u00fameda, seca, extrema. Su avanzada formulaci\u00f3n hace que absorba parte de la fricci\u00f3n evitando el calentamiento por el roce de los metales disminuyendo la dilataci\u00f3n de la cadena y desgaste de los pi\u00f1ones. No corroe metales y previene la oxidaci\u00f3n. Alarga hasta en un 40% la vida \u00fatil de la cadena.<\/p>\n<p>Son productos\u00a0<b>biodegradables<\/b>\u00a0de alta calidad, industria\u00a0<b>100% colombiana<\/b>, su\u00a0<b>precio<\/b>\u00a0es muy favorable comparado con productos de las mismas caracter\u00edsticas que se encuentran en el mercado, al utilizarlos\u00a0<b>alarga hasta un 40% la vida<\/b>\u00a0de elementos como la cadenilla, pacha y platos,\u00a0<b>protege la pintura<\/b>\u00a0y la cuida de los\u00a0<b>rayos UV<\/b>.<\/p>\n<p>Inlcuye:<\/p>\n<ul>\n<li>3 unidades &#8211; Lubricante para biciletas 60ml.<\/li>\n<\/ul>\n","protected":false},"excerpt":{"rendered":"<p>Son productos\u00a0<b>biodegradables<\/b>\u00a0de alta calidad, industria\u00a0<b>100% colombiana<\/b>, su\u00a0<b>precio<\/b>\u00a0es muy favorable comparado con productos de las mismas caracter\u00edsticas que se encuentran en el mercado, al utilizarlos\u00a0<b>alarga hasta un 40% la vida<\/b>\u00a0de elementos como la cadenilla, pacha y platos,\u00a0<b>protege la pintura<\/b>\u00a0y la cuida de los\u00a0<b>rayos UV<\/b>.<\/p>\n<p>Inlcuye:<\/p>\n<ul>\n<li>Shampoo para bicicletas 300ml.<\/li>\n<li>Desengrasante para bicicletas 150ml.<\/li>\n<li>Lubricante para biciletas 60ml.<\/li>\n<\/ul>\n","protected":false},"featured_media":605,"comment_status":"open","ping_status":"closed","template":"","meta":{"om_disable_all_campaigns":false,"_monsterinsights_skip_tracking":false,"_monsterinsights_sitenote_active":false,"_monsterinsights_sitenote_note":"","_monsterinsights_sitenote_category":0},"product_cat":[32,33],"product_tag":[],"class_list":["post-604","product","type-product","status-publish","has-post-thumbnail","hentry","product_cat-combo","product_cat-lubricante","product-has-gallery"],"_links":{"self":[{"href":"https:\/\/productoszion.com\/tienda\/wp-json\/wp\/v2\/product\/604","targetHints":{"allow":["GET"]}}],"collection":[{"href":"https:\/\/productoszion.com\/tienda\/wp-json\/wp\/v2\/product"}],"about":[{"href":"https:\/\/productoszion.com\/tienda\/wp-json\/wp\/v2\/types\/product"}],"replies":[{"embeddable":true,"href":"https:\/\/productoszion.com\/tienda\/wp-json\/wp\/v2\/comments?post=604"}],"wp:featuredmedia":[{"embeddable":true,"href":"https:\/\/productoszion.com\/tienda\/wp-json\/wp\/v2\/media\/605"}],"wp:attachment":[{"href":"https:\/\/productoszion.com\/tienda\/wp-json\/wp\/v2\/media?parent=604"}],"wp:term":[{"taxonomy":"product_cat","embeddable":true,"href":"https:\/\/productoszion.com\/tienda\/wp-json\/wp\/v2\/product_cat?post=604"},{"taxonomy":"product_tag","embeddable":true,"href":"https:\/\/productoszion.com\/tienda\/wp-json\/wp\/v2\/product_tag?post=604"}],"curies":[{"name":"wp","href":"https:\/\/api.w.org\/{rel}","templated":true}]}}