{"id":615,"date":"2021-10-12T23:48:03","date_gmt":"2021-10-12T23:48:03","guid":{"rendered":"https:\/\/productoszion.com\/tienda\/?post_type=product&#038;p=615"},"modified":"2025-09-22T21:57:56","modified_gmt":"2025-09-23T02:57:56","slug":"shampoo-xtreme-bike-pack-x-3-zion","status":"publish","type":"product","link":"https:\/\/productoszion.com\/tienda\/producto\/shampoo-xtreme-bike-pack-x-3-zion\/","title":{"rendered":"Shampoo Xtreme Bike PACK X 3 ZION"},"content":{"rendered":"<h2 class=\"display-4 lh-1 mb-4 text-white\">Shampoo Xtreme Bike<\/h2>\n<p class=\"lead text-white mb-5 mb-lg-0\">Dise\u00f1ado para cuidar la pintura en tu bicileta en todas las condiciones clim\u00e1ticas. Realza el brillo, elimina la grasa y polvo, limpia las llantas dej\u00e1ndolas relucientes, m\u00e1s negras, sin resequedad y sin usar productos adicionales, proteje el marco de rayones, no mancha, es suave con tus manos y lo mejor, es amigable con el medio ambiente (ecofriendly \/ biodegradable).<\/p>\n<p>Son productos\u00a0<b>biodegradables<\/b>\u00a0de alta calidad, industria\u00a0<b>100% colombiana<\/b>, su\u00a0<b>precio<\/b>\u00a0es muy favorable comparado con productos de las mismas caracter\u00edsticas que se encuentran en el mercado, al utilizarlos\u00a0<b>alarga hasta un 40% la vida<\/b>\u00a0de elementos como la cadenilla, pacha y platos,\u00a0<b>protege la pintura<\/b>\u00a0y la cuida de los\u00a0<b>rayos UV<\/b>.<\/p>\n<p>Incluye:<\/p>\n<ul>\n<li>3 unidades &#8211; Shampoo para bicicletas 300ml.<\/li>\n<\/ul>\n","protected":false},"excerpt":{"rendered":"<p>Son productos\u00a0<b>biodegradables<\/b>\u00a0de alta calidad, industria\u00a0<b>100% colombiana<\/b>, su\u00a0<b>precio<\/b>\u00a0es muy favorable comparado con productos de las mismas caracter\u00edsticas que se encuentran en el mercado, al utilizarlos\u00a0<b>alarga hasta un 40% la vida<\/b>\u00a0de elementos como la cadenilla, pacha y platos,\u00a0<b>protege la pintura<\/b>\u00a0y la cuida de los\u00a0<b>rayos UV<\/b>.<\/p>\n<p>Incluye:<\/p>\n<ul>\n<li>Shampoo para bicicletas 300ml.<\/li>\n<\/ul>\n","protected":false},"featured_media":616,"comment_status":"open","ping_status":"closed","template":"","meta":{"om_disable_all_campaigns":false,"_monsterinsights_skip_tracking":false,"_monsterinsights_sitenote_active":false,"_monsterinsights_sitenote_note":"","_monsterinsights_sitenote_category":0},"product_cat":[32,34],"product_tag":[],"class_list":["post-615","product","type-product","status-publish","has-post-thumbnail","hentry","product_cat-combo","product_cat-shampoo","product-has-gallery"],"_links":{"self":[{"href":"https:\/\/productoszion.com\/tienda\/wp-json\/wp\/v2\/product\/615","targetHints":{"allow":["GET"]}}],"collection":[{"href":"https:\/\/productoszion.com\/tienda\/wp-json\/wp\/v2\/product"}],"about":[{"href":"https:\/\/productoszion.com\/tienda\/wp-json\/wp\/v2\/types\/product"}],"replies":[{"embeddable":true,"href":"https:\/\/productoszion.com\/tienda\/wp-json\/wp\/v2\/comments?post=615"}],"wp:featuredmedia":[{"embeddable":true,"href":"https:\/\/productoszion.com\/tienda\/wp-json\/wp\/v2\/media\/616"}],"wp:attachment":[{"href":"https:\/\/productoszion.com\/tienda\/wp-json\/wp\/v2\/media?parent=615"}],"wp:term":[{"taxonomy":"product_cat","embeddable":true,"href":"https:\/\/productoszion.com\/tienda\/wp-json\/wp\/v2\/product_cat?post=615"},{"taxonomy":"product_tag","embeddable":true,"href":"https:\/\/productoszion.com\/tienda\/wp-json\/wp\/v2\/product_tag?post=615"}],"curies":[{"name":"wp","href":"https:\/\/api.w.org\/{rel}","templated":true}]}}