{"id":617,"date":"2021-10-12T23:58:31","date_gmt":"2021-10-12T23:58:31","guid":{"rendered":"https:\/\/productoszion.com\/tienda\/?post_type=product&#038;p=617"},"modified":"2025-09-22T21:57:04","modified_gmt":"2025-09-23T02:57:04","slug":"desengrasante-power-bike-pack-x-3-zion","status":"publish","type":"product","link":"https:\/\/productoszion.com\/tienda\/producto\/desengrasante-power-bike-pack-x-3-zion\/","title":{"rendered":"Desengrasante Power Bike PACK X 3 ZION"},"content":{"rendered":"<h2 class=\"display-4 lh-1 mb-4\">Desengrasante Power Bike<\/h2>\n<p class=\"lead fw-normal text-muted mb-5 mb-lg-0\">No es corrosivo, su pH neutro evita da\u00f1os en pintura, partes de la bicicleta y es suave con sus manos. Elimina la grasa localizada en la zona de aplicaci\u00f3n, inclusive la grasa acumulada en cilindros de los eslabones de la cadenilla. No mancha ni afecta el color, adem\u00e1s es un producto biodegradable.<\/p>\n<p>Son productos\u00a0<b>biodegradables<\/b>\u00a0de alta calidad, industria\u00a0<b>100% colombiana<\/b>, su\u00a0<b>precio<\/b>\u00a0es muy favorable comparado con productos de las mismas caracter\u00edsticas que se encuentran en el mercado, al utilizarlos\u00a0<b>alarga hasta un 40% la vida<\/b>\u00a0de elementos como la cadenilla, pacha y platos,\u00a0<b>protege la pintura<\/b>\u00a0y la cuida de los\u00a0<b>rayos UV<\/b>.<\/p>\n<p>Inlcuye:<\/p>\n<ul>\n<li>3 unidades &#8211; Desengrasante para bicicletas 150ml.<\/li>\n<\/ul>\n","protected":false},"excerpt":{"rendered":"<p>Son productos\u00a0<b>biodegradables<\/b>\u00a0de alta calidad, industria\u00a0<b>100% colombiana<\/b>, su\u00a0<b>precio<\/b>\u00a0es muy favorable comparado con productos de las mismas caracter\u00edsticas que se encuentran en el mercado, al utilizarlos\u00a0<b>alarga hasta un 40% la vida<\/b>\u00a0de elementos como la cadenilla, pacha y platos,\u00a0<b>protege la pintura<\/b>\u00a0y la cuida de los\u00a0<b>rayos UV<\/b>.<\/p>\n<p>Inlcuye:<\/p>\n<ul>\n<li>Shampoo para bicicletas 300ml.<\/li>\n<\/ul>\n","protected":false},"featured_media":618,"comment_status":"open","ping_status":"closed","template":"","meta":{"om_disable_all_campaigns":false,"_monsterinsights_skip_tracking":false,"_monsterinsights_sitenote_active":false,"_monsterinsights_sitenote_note":"","_monsterinsights_sitenote_category":0},"product_cat":[32,35],"product_tag":[],"class_list":["post-617","product","type-product","status-publish","has-post-thumbnail","hentry","product_cat-combo","product_cat-desengrasante","product-has-gallery"],"_links":{"self":[{"href":"https:\/\/productoszion.com\/tienda\/wp-json\/wp\/v2\/product\/617","targetHints":{"allow":["GET"]}}],"collection":[{"href":"https:\/\/productoszion.com\/tienda\/wp-json\/wp\/v2\/product"}],"about":[{"href":"https:\/\/productoszion.com\/tienda\/wp-json\/wp\/v2\/types\/product"}],"replies":[{"embeddable":true,"href":"https:\/\/productoszion.com\/tienda\/wp-json\/wp\/v2\/comments?post=617"}],"wp:featuredmedia":[{"embeddable":true,"href":"https:\/\/productoszion.com\/tienda\/wp-json\/wp\/v2\/media\/618"}],"wp:attachment":[{"href":"https:\/\/productoszion.com\/tienda\/wp-json\/wp\/v2\/media?parent=617"}],"wp:term":[{"taxonomy":"product_cat","embeddable":true,"href":"https:\/\/productoszion.com\/tienda\/wp-json\/wp\/v2\/product_cat?post=617"},{"taxonomy":"product_tag","embeddable":true,"href":"https:\/\/productoszion.com\/tienda\/wp-json\/wp\/v2\/product_tag?post=617"}],"curies":[{"name":"wp","href":"https:\/\/api.w.org\/{rel}","templated":true}]}}